{"id":1089,"date":"2016-09-04T19:07:50","date_gmt":"2016-09-04T17:07:50","guid":{"rendered":"https:\/\/natfno.wpengine.com\/td2016\/?page_id=1089"},"modified":"2016-09-15T08:05:15","modified_gmt":"2016-09-15T06:05:15","slug":"3-pa-1-time","status":"publish","type":"page","link":"https:\/\/old.natf.no\/td2016\/3-pa-1-time\/","title":{"rendered":"3 p\u00e5 1 time"},"content":{"rendered":"<p>[et_pb_section admin_label=&raquo;section&raquo; transparent_background=&raquo;off&raquo; background_color=&raquo;rgba(218,232,232,0.99)&raquo; allow_player_pause=&raquo;off&raquo; inner_shadow=&raquo;off&raquo; parallax=&raquo;off&raquo; parallax_method=&raquo;off&raquo; padding_mobile=&raquo;off&raquo; make_fullwidth=&raquo;off&raquo; use_custom_width=&raquo;off&raquo; width_unit=&raquo;on&raquo; make_equal=&raquo;off&raquo; use_custom_gutter=&raquo;off&raquo;][et_pb_row admin_label=&raquo;row&raquo;][et_pb_column type=&raquo;2_3&#8243;][et_pb_text admin_label=&raquo;Tekst&raquo; background_layout=&raquo;light&raquo; text_orientation=&raquo;left&raquo; use_border_color=&raquo;off&raquo; border_color=&raquo;#ffffff&raquo; border_style=&raquo;solid&raquo;]<\/p>\n<h1>3 p\u00e5 1 time #Vakker<\/h1>\n<p>Teaterforestilling : l\u00f8rdag 17.sept : Kulturhuset Banken : kl.13:15<\/p>\n<p><strong>Om forestillingen<\/strong><br \/>\nNorsk Amat\u00f8rteaterforbund og Teaterdagene har invitert tre teatergrupper til \u00e5 tolke en og samme forestilling p\u00e5 tre ulike m\u00e5ter. Forestillingen vi vise ulike formgrep og spennende tolkninger som kan gj\u00f8res rundt en og samme tekst.<\/p>\n<p>De tre teatergruppene er Lillehammer Amat\u00f8rteater, Toten Folkeh\u00f8gskole og Improgruppa i Hamar Amat\u00f8rteater. Stykke #Vakker er skrevet av Janne A. Johnsen.<\/p>\n<p>[\/et_pb_text][\/et_pb_column][et_pb_column type=&raquo;1_3&#8243;][et_pb_image admin_label=&raquo;Bilde&raquo; src=&raquo;https:\/\/old.natf.no\/td2016\/wp-content\/uploads\/sites\/5\/2016\/07\/theater-551797_640.jpg&raquo; show_in_lightbox=&raquo;off&raquo; url_new_window=&raquo;off&raquo; use_overlay=&raquo;off&raquo; animation=&raquo;left&raquo; sticky=&raquo;off&raquo; align=&raquo;left&raquo; force_fullwidth=&raquo;off&raquo; always_center_on_mobile=&raquo;on&raquo; use_border_color=&raquo;off&raquo; border_color=&raquo;#ffffff&raquo; border_style=&raquo;solid&raquo;] [\/et_pb_image][\/et_pb_column][\/et_pb_row][\/et_pb_section]<\/p>\n","protected":false},"excerpt":{"rendered":"<p>3 p\u00e5 1 time #Vakker Teaterforestilling : l\u00f8rdag 17.sept : Kulturhuset Banken : kl.13:15 Om forestillingen Norsk Amat\u00f8rteaterforbund og Teaterdagene har invitert tre teatergrupper til \u00e5 tolke en og samme [&hellip;]<\/p>\n","protected":false},"author":9,"featured_media":0,"parent":0,"menu_order":0,"comment_status":"closed","ping_status":"closed","template":"","meta":{"_acf_changed":false,"_et_pb_use_builder":"on","_et_pb_old_content":"","_et_gb_content_width":"","inline_featured_image":false,"footnotes":""},"class_list":["post-1089","page","type-page","status-publish","hentry"],"acf":[],"_links":{"self":[{"href":"https:\/\/old.natf.no\/td2016\/wp-json\/wp\/v2\/pages\/1089","targetHints":{"allow":["GET"]}}],"collection":[{"href":"https:\/\/old.natf.no\/td2016\/wp-json\/wp\/v2\/pages"}],"about":[{"href":"https:\/\/old.natf.no\/td2016\/wp-json\/wp\/v2\/types\/page"}],"author":[{"embeddable":true,"href":"https:\/\/old.natf.no\/td2016\/wp-json\/wp\/v2\/users\/9"}],"replies":[{"embeddable":true,"href":"https:\/\/old.natf.no\/td2016\/wp-json\/wp\/v2\/comments?post=1089"}],"version-history":[{"count":0,"href":"https:\/\/old.natf.no\/td2016\/wp-json\/wp\/v2\/pages\/1089\/revisions"}],"wp:attachment":[{"href":"https:\/\/old.natf.no\/td2016\/wp-json\/wp\/v2\/media?parent=1089"}],"curies":[{"name":"wp","href":"https:\/\/api.w.org\/{rel}","templated":true}]}}