{"id":1086,"date":"2016-09-04T19:04:22","date_gmt":"2016-09-04T17:04:22","guid":{"rendered":"https:\/\/natfno.wpengine.com\/td2016\/?page_id=1086"},"modified":"2016-09-04T19:04:22","modified_gmt":"2016-09-04T17:04:22","slug":"thunderflop-med-zachviggo","status":"publish","type":"page","link":"https:\/\/old.natf.no\/td2016\/thunderflop-med-zachviggo\/","title":{"rendered":"Thunderflop med Zach&#038;Viggo"},"content":{"rendered":"<p>[et_pb_section admin_label=&raquo;section&raquo; transparent_background=&raquo;off&raquo; background_color=&raquo;rgba(218,232,232,0.99)&raquo; allow_player_pause=&raquo;off&raquo; inner_shadow=&raquo;off&raquo; parallax=&raquo;off&raquo; parallax_method=&raquo;off&raquo; padding_mobile=&raquo;off&raquo; make_fullwidth=&raquo;off&raquo; use_custom_width=&raquo;off&raquo; width_unit=&raquo;on&raquo; make_equal=&raquo;off&raquo; use_custom_gutter=&raquo;off&raquo;][et_pb_row admin_label=&raquo;row&raquo;][et_pb_column type=&raquo;2_3&#8243;][et_pb_text admin_label=&raquo;Tekst&raquo; background_layout=&raquo;light&raquo; text_orientation=&raquo;left&raquo; use_border_color=&raquo;off&raquo; border_color=&raquo;#ffffff&raquo; border_style=&raquo;solid&raquo;]<\/p>\n<p>Zach&amp;Viggo`s \u00abThunderflop\u00bb er en to-manns klovneforestilling laget av Zach Zucker fra\u00a0Chicago (USA) og norske Viggo Venn. Forestillingen best\u00e5r av en rekke sketsjer og publikums interaksjoner med h\u00f8y energi og lav intelligens. Forestillingen hadde ur premiere p\u00e5 Dattera til Hagen i Oslo sommeren 2015, f\u00f8r\u00a0forestillingen ble spillt 26 ganger p\u00e5 Edinburgh Fringe Festivalen (inkl. ekstraforestillinger) i 2015. Klovnen er ikke redd for \u00e5 gj\u00f8re feil, og leker med feil og mangler med positivitet og optimisme.<\/p>\n<p>[\/et_pb_text][\/et_pb_column][et_pb_column type=&raquo;1_3&#8243;][et_pb_image admin_label=&raquo;Bilde&raquo; src=&raquo;https:\/\/old.natf.no\/td2016\/wp-content\/uploads\/sites\/5\/2015\/04\/ZachViggo-Thunderflop-_UTEN-TEKST.jpg&raquo; show_in_lightbox=&raquo;off&raquo; url_new_window=&raquo;off&raquo; use_overlay=&raquo;off&raquo; animation=&raquo;left&raquo; sticky=&raquo;off&raquo; align=&raquo;left&raquo; force_fullwidth=&raquo;off&raquo; always_center_on_mobile=&raquo;on&raquo; use_border_color=&raquo;off&raquo; border_color=&raquo;#ffffff&raquo; border_style=&raquo;solid&raquo;] [\/et_pb_image][\/et_pb_column][\/et_pb_row][\/et_pb_section]<\/p>\n","protected":false},"excerpt":{"rendered":"<p>Zach&amp;Viggo`s \u00abThunderflop\u00bb er en to-manns klovneforestilling laget av Zach Zucker fra\u00a0Chicago (USA) og norske Viggo Venn. Forestillingen best\u00e5r av en rekke sketsjer og publikums interaksjoner med h\u00f8y energi og lav [&hellip;]<\/p>\n","protected":false},"author":9,"featured_media":0,"parent":0,"menu_order":0,"comment_status":"closed","ping_status":"closed","template":"","meta":{"_acf_changed":false,"_et_pb_use_builder":"on","_et_pb_old_content":"","_et_gb_content_width":"","inline_featured_image":false,"footnotes":""},"class_list":["post-1086","page","type-page","status-publish","hentry"],"acf":[],"_links":{"self":[{"href":"https:\/\/old.natf.no\/td2016\/wp-json\/wp\/v2\/pages\/1086","targetHints":{"allow":["GET"]}}],"collection":[{"href":"https:\/\/old.natf.no\/td2016\/wp-json\/wp\/v2\/pages"}],"about":[{"href":"https:\/\/old.natf.no\/td2016\/wp-json\/wp\/v2\/types\/page"}],"author":[{"embeddable":true,"href":"https:\/\/old.natf.no\/td2016\/wp-json\/wp\/v2\/users\/9"}],"replies":[{"embeddable":true,"href":"https:\/\/old.natf.no\/td2016\/wp-json\/wp\/v2\/comments?post=1086"}],"version-history":[{"count":0,"href":"https:\/\/old.natf.no\/td2016\/wp-json\/wp\/v2\/pages\/1086\/revisions"}],"wp:attachment":[{"href":"https:\/\/old.natf.no\/td2016\/wp-json\/wp\/v2\/media?parent=1086"}],"curies":[{"name":"wp","href":"https:\/\/api.w.org\/{rel}","templated":true}]}}