{"id":1027,"date":"2016-07-04T13:12:27","date_gmt":"2016-07-04T11:12:27","guid":{"rendered":"https:\/\/natfno.wpengine.com\/td2016\/?page_id=1027"},"modified":"2016-09-09T09:52:10","modified_gmt":"2016-09-09T07:52:10","slug":"kursprogram","status":"publish","type":"page","link":"https:\/\/old.natf.no\/td2016\/program-2\/kursprogram\/","title":{"rendered":"Kursprogram"},"content":{"rendered":"<p>[et_pb_section admin_label=&raquo;section&raquo; transparent_background=&raquo;off&raquo; background_color=&raquo;rgba(218,232,232,0.99)&raquo; allow_player_pause=&raquo;off&raquo; inner_shadow=&raquo;off&raquo; parallax=&raquo;off&raquo; parallax_method=&raquo;off&raquo; padding_mobile=&raquo;off&raquo; make_fullwidth=&raquo;off&raquo; use_custom_width=&raquo;off&raquo; width_unit=&raquo;on&raquo; make_equal=&raquo;off&raquo; use_custom_gutter=&raquo;off&raquo;][et_pb_row admin_label=&raquo;Rad&raquo;][et_pb_column type=&raquo;1_2&#8243;][et_pb_text admin_label=&raquo;Tekst&raquo; background_layout=&raquo;light&raquo; text_orientation=&raquo;left&raquo; use_border_color=&raquo;off&raquo; border_color=&raquo;#ffffff&raquo; border_style=&raquo;solid&raquo;]<\/p>\n<h3><strong>Firedagerskurs<\/strong><\/h3>\n<p><strong>MASTERCLAS:\u00a0FORUMTEATER | Julian Boal<\/strong><br \/>\nForumteater er en teatermetode innenfor De undertryktes teater, utviklet av den brasilianske teaterkunstneren, forfatteren og pedagogen Augusto Boal. Her ser man p\u00e5 virkemidler som sterke v\u00e5pen for \u00e5 p\u00e5virke til endring i samfunnet. I forumteaterforestillinger, belyses ulike former for undertrykkelse mellom mennesker og samfunn, og publikum er alltid med p\u00e5 \u00e5 skape forestillingene. M\u00e5let er \u00e5 bevisstgj\u00f8re om hvilke strukturer som styrer livene v\u00e5re og hvordan vi kan endre usunne m\u00f8nstre. Teaterformen er i dag en verdensomspennende metode, b\u00e5de blant teaterfolk, politisk engasjerte og andre med et \u00f8nske om \u00e5 bidra til ei positiv endring i verden.<\/p>\n<p>Kursholder Julian Boal legger opp kurset rundt et praktisk teaterverksted. Kurset g\u00e5r inn p\u00e5 det \u00e5 tiln\u00e6rme seg utforming av problemstillinger, kompleksiteten i situasjoner og dramaturgi i forumteater.<\/p>\n<p>Julian Boal er s\u00f8nn av grunnleggeren for forumteater, Augusto Boal. Julian er en av grunnleggerne av Ambata, GTO-Paris (De undertryktes teater gruppe \u2013 Paris), og F\u00e9minisme Enjeux. Han har gjennomf\u00f8rt kurs og prosjekter i mer enn 20 land. Han har ogs\u00e5 skrevet b\u00f8ker om De undertryktes teater og forumteater. Jobber n\u00e5 med sin PhD i Brasil.<\/p>\n<p><strong>4 dager | Start: 15.sept kl. 11.00 | Kulturhuset Banken: Holb\u00f8salen | <a href=\"https:\/\/natf.hoopla.no\/sales\/teaterdagene\/\" target=\"_blank\">P\u00e5melding<br \/>\n<\/a><\/strong><strong>Torsdag: 11:00-19:00\u00a0<strong>|<\/strong>\u00a0<\/strong><strong>Fredag: 10:00-18:00\u00a0<strong>|\u00a0<\/strong>L\u00f8rdag: 09:00-17:00\u00a0<strong>|\u00a0<\/strong><\/strong><strong>S\u00f8ndag: 10:00-18:00\u00a0<\/strong><\/p>\n<h3><\/h3>\n<h3><strong>Kortkurs\u00a0<\/strong><\/h3>\n<p><strong>Prestasjonsteknikk | Philip Dammen<\/strong><br \/>\nAlle trenger \u00e5 prestere p\u00e5 sitt beste. P\u00e5 scenen eller i jobben, i studene. Her l\u00e6rer du gode teknikker som du kan benytte i forskjellige situasjoner.<\/p>\n<p><strong>2 timer\u00a0| Start: 16.sept kl. 10.00 | H\u00f8gskolen i Lillehammer\u00a0| <a href=\"https:\/\/natf.hoopla.no\/sales\/teaterdagene\/\" target=\"_blank\">P\u00e5melding<br \/>\n<\/a><\/strong><strong>Fredag: 10:00-12:00<\/strong><br \/>\n<strong>Formidling<\/strong>\u00a0<strong>| Henrik Sl\u00e5en<\/strong><br \/>\nHva er det \u00e5 formidle? Hvordan v\u00e6re ekte? Hvordan ha utstr\u00e5ling og troverdighet? Disse sp\u00f8rsm\u00e5lene skal vi n\u00e6rme oss svaret p\u00e5 med praktiske \u00f8velser i l\u00f8pet av en og en halv time. Vi \u00f8ver p\u00e5 oppvarmings\u00f8velser, holdning, pustetekniker, status og fokus. Ha gjerne en kort tekst (rim, regle, dikt, vits etc) inn\u00f8vd til \u00e5 bruke i arbeidet.<\/p>\n<p><strong>1 1\/2 timer\u00a0| Start: 17.sept kl. 15.00 | H\u00f8gskolen i Lillehammer\u00a0| <a href=\"https:\/\/natf.hoopla.no\/sales\/teaterdagene\/\" target=\"_blank\">P\u00e5melding<br \/>\n<\/a><\/strong><strong>L\u00f8rdag: 15:00-16:30<\/strong><br \/>\n<strong>Styrearbeid &#8211; kort og effektivt\u00a0| Janne A. Johnsen<br \/>\n<\/strong>Trenger dere orden i organisasjonen? Gj\u00f8re m\u00f8ter effektive? Kursholder Janne A. Johnsen tar dere gjennom smarte teknikker og viser lure organisatoriske triks.<\/p>\n<p><strong>1 1\/2 timer\u00a0| Start: 17.sept kl. 16.30 | H\u00f8gskolen i Lillehammer\u00a0| <a href=\"https:\/\/natf.hoopla.no\/sales\/teaterdagene\/\" target=\"_blank\">P\u00e5melding<br \/>\n<\/a><\/strong><strong>L\u00f8rdag: 16:30-18:00<\/strong><\/p>\n<p>[\/et_pb_text][\/et_pb_column][et_pb_column type=&raquo;1_2&#8243;][et_pb_text admin_label=&raquo;Tekst&raquo; background_layout=&raquo;light&raquo; text_orientation=&raquo;left&raquo; use_border_color=&raquo;off&raquo; border_color=&raquo;#ffffff&raquo; border_style=&raquo;solid&raquo;]<\/p>\n<h3><strong>Helgekurs<\/strong><\/h3>\n<p><strong>TEGNESERIEMIME | Kristin Indahl<\/strong><br \/>\nTegneseriemime er en uttrykksform som bruker filmens virkemidler. Kun med kropp og stemme skaper skuespilleren fantasifulle illusjoner med hjelp av slow-motion, zoom, spoling, n\u00e6rbilder etc. Det veksles mellom \u00e5 v\u00e6re b\u00e5de karakter, scenografi og lydkulisser.<\/p>\n<p>Kristin er utdannet skuespiller ved LISPA og dramapedagog fra H\u00f8gskolen i Oslo og Akershus. Medlem i det internasjonale teaterkompaniet \u201dOff Balance\u201d. Erfaringer som regiss\u00f8r, skuespiller, instrukt\u00f8r og l\u00e6rer.<\/p>\n<p><strong>3 dager | Start: 16.sept kl. 17.00 | Lillehammer vgs | <a href=\"https:\/\/natf.hoopla.no\/sales\/teaterdagene\/\">P\u00e5melding<\/a><br \/>\nFredag: 17:00-20:30\u00a0<strong>| L\u00f8rdag: 10:00-16:30\u00a0<strong>| S\u00f8ndag: 10:00-14:30<\/strong><\/strong><\/strong><\/p>\n<p><strong>REGI | George Siena<br \/>\n<\/strong>Regikurset er for skuespillere, regiss\u00f8rer og andre teaterinteresserte med litt teatererfaring. Det vil fokuseres p\u00e5 fundamentale aspekter ved regissering, som ensemble, bruk av musikk, forutsetninger, psykologisk karakter. Kursholder:<\/p>\n<p>George Siena er fra Hellas, og har erfaring fra National Theatre of Greece. Han har regiutdanning fra LIPA, og deltatt i et titalls forestillinger verden over som regiss\u00f8r. Kurset g\u00e5r p\u00e5 engelsk.<\/p>\n<p><strong>3 dager | Start: 16.sept kl. 17.00 | Lillehammer vgs | <a href=\"https:\/\/natf.hoopla.no\/sales\/teaterdagene\/\" target=\"_blank\">P\u00e5melding<br \/>\n<\/a><strong>Fredag: 17:00-20:30\u00a0<strong>| L\u00f8rdag: 10:00-16:30\u00a0<strong>| S\u00f8ndag: 10:00-14:30<\/strong><\/strong><\/strong><a href=\"https:\/\/natf.hoopla.no\/sales\/teaterdagene\/\" target=\"_blank\"><br \/>\n<\/a><\/strong><\/p>\n<p><strong>TEATER OG BEVEGELSE | Nektarios Theodorou<br \/>\n<\/strong>Kurset utforsker den magiske verden av teater og skuespill gjennom fysiske tiln\u00e6rminger, inspirert av Jacques Lecoq. Vi vil fokusere p\u00e5 viktigheten av spillet, uskyld, nysgjerrighet og tilgjengeligheten, til kunsten \u00e5 formidle gjennom fysisk spr\u00e5k. \u00a0&laquo;Kroppen vet ting sinnet ignorerer\u00bb.<\/p>\n<p>Nektarios er en profesjonell skuespiller fra Kypros, som bor i\u00a0London. Han har utdanning innen skuespill fra Hellas og har fysisk teater basert p\u00e5 Jacque Lecoq\u00a0fra LISPA i London. Har erfaring fra teater, radio, film.<\/p>\n<p><strong>3 dager | Start: 16.sept kl. 17.00 | Lillehammer vgs | <a href=\"https:\/\/natf.hoopla.no\/sales\/teaterdagene\/\" target=\"_blank\">P\u00e5melding<br \/>\n<\/a><strong>Fredag: 17:00-20:30\u00a0<strong>| L\u00f8rdag: 10:00-16:30\u00a0<strong>| S\u00f8ndag: 10:00-14:30<\/strong><\/strong><\/strong><a href=\"https:\/\/natf.hoopla.no\/sales\/teaterdagene\/\" target=\"_blank\"><br \/>\n<\/a><\/strong><\/p>\n<p><strong>FINN DEG SELV I KARAKTEREN\u00a0| Martin Bonger<\/strong><br \/>\nKurs i skuespillerteknikk, der man\u00a0utforsk det dynamiske samspillet mellom seg selv og etableringen av en karakter. Her\u00a0leker man med personlige historier,\u00a0erfaringer og f\u00f8lelser, og trekker dette inn ved\u00a0\u00e5 etablere troverdige karakterer.<\/p>\n<p>Martin er utdannet i fysisk teater ved LISPA og ved Shakespeare and Company\u00a0 i Lenox, Massachsetts. Han har ogs\u00e5 utdanning i engelsk litteratur &amp; teater ved University of Leeds. Han er kunstnerisk leder i teaterkompaniet &laquo;Move to Stand&raquo;.<\/p>\n<p><strong>3 dager | Start: 16.sept kl. 17.00 | Lillehammer vgs | <a href=\"https:\/\/natf.hoopla.no\/sales\/teaterdagene\/\" target=\"_blank\">P\u00e5melding<br \/>\n<\/a><strong>Fredag: 17:00-20:30\u00a0<strong>| L\u00f8rdag: 10:00-16:30\u00a0<strong>| S\u00f8ndag: 10:00-14:30<\/strong><\/strong><\/strong><a href=\"https:\/\/natf.hoopla.no\/sales\/teaterdagene\/\" target=\"_blank\"><br \/>\n<\/a><\/strong><\/p>\n<p><strong>OBJEKTMANIPULERING | Svetlana Biba<\/strong><br \/>\nHvordan skape illusjon av liv &#8211;\u00a0kurs\u00a0i\u00a0objektmanipulering og figurteater. Ved \u00e5 jobbe teknisk med ulike gjenstander, masker og improvisasjon, utforsker vi det kreative og hvordan dette kan benyttes i forestillinger.<\/p>\n<p>Svetlana er\u00a0internasjonal\u00a0etablert skuespiller, regiss\u00f8r og pedagog, som arbeider med fysisk teater, mime, klovning, dans og figurteater. Utdannet fra Marcel Marceau i Paris og LIPA i London. Har jobbet ved Sirque du Soleil, og med teater\u00a0i Stockholm, Ukraina, India og London.<\/p>\n<p><strong>3 dager | Start: 16.sept kl. 17.00 | Lillehammer vgs | <a href=\"https:\/\/natf.hoopla.no\/sales\/teaterdagene\/\" target=\"_blank\">P\u00e5melding<br \/>\n<\/a><strong>Fredag: 17:00-20:30\u00a0<strong>| L\u00f8rdag: 10:00-16:30\u00a0<strong>| S\u00f8ndag: 10:00-14:30<\/strong><\/strong><\/strong><a href=\"https:\/\/natf.hoopla.no\/sales\/teaterdagene\/\" target=\"_blank\"><br \/>\n<\/a><\/strong><\/p>\n<p>&nbsp;<\/p>\n<p>&nbsp;<\/p>\n<p>[\/et_pb_text][\/et_pb_column][\/et_pb_row][\/et_pb_section]<\/p>\n","protected":false},"excerpt":{"rendered":"<p>Firedagerskurs MASTERCLAS:\u00a0FORUMTEATER | Julian Boal Forumteater er en teatermetode innenfor De undertryktes teater, utviklet av den brasilianske teaterkunstneren, forfatteren og pedagogen Augusto Boal. Her ser man p\u00e5 virkemidler som sterke [&hellip;]<\/p>\n","protected":false},"author":9,"featured_media":0,"parent":787,"menu_order":2,"comment_status":"closed","ping_status":"closed","template":"","meta":{"_acf_changed":false,"_et_pb_use_builder":"on","_et_pb_old_content":"","_et_gb_content_width":"","inline_featured_image":false,"footnotes":""},"class_list":["post-1027","page","type-page","status-publish","hentry"],"acf":[],"_links":{"self":[{"href":"https:\/\/old.natf.no\/td2016\/wp-json\/wp\/v2\/pages\/1027","targetHints":{"allow":["GET"]}}],"collection":[{"href":"https:\/\/old.natf.no\/td2016\/wp-json\/wp\/v2\/pages"}],"about":[{"href":"https:\/\/old.natf.no\/td2016\/wp-json\/wp\/v2\/types\/page"}],"author":[{"embeddable":true,"href":"https:\/\/old.natf.no\/td2016\/wp-json\/wp\/v2\/users\/9"}],"replies":[{"embeddable":true,"href":"https:\/\/old.natf.no\/td2016\/wp-json\/wp\/v2\/comments?post=1027"}],"version-history":[{"count":0,"href":"https:\/\/old.natf.no\/td2016\/wp-json\/wp\/v2\/pages\/1027\/revisions"}],"up":[{"embeddable":true,"href":"https:\/\/old.natf.no\/td2016\/wp-json\/wp\/v2\/pages\/787"}],"wp:attachment":[{"href":"https:\/\/old.natf.no\/td2016\/wp-json\/wp\/v2\/media?parent=1027"}],"curies":[{"name":"wp","href":"https:\/\/api.w.org\/{rel}","templated":true}]}}