{"id":1143,"date":"2014-05-21T13:47:46","date_gmt":"2014-05-21T11:47:46","guid":{"rendered":"https:\/\/natfno.wpengine.com\/?page_id=1143"},"modified":"2014-05-27T09:17:59","modified_gmt":"2014-05-27T07:17:59","slug":"barne-og-ungdomsteaterledelse","status":"publish","type":"page","link":"https:\/\/old.natf.no\/td2014\/kursoversikt\/barne-og-ungdomsteaterledelse\/","title":{"rendered":"Barne- og ungdomsteaterledelse"},"content":{"rendered":"<p>Kursholder: Katrine M E Str\u00f8m<\/p>\n<p><b><i>Har du ditt virke som leder for barne- og ungdomsteater? Lyst til \u00e5 f\u00e5 nye ideer og tanker p\u00e5 hvordan jobbe med barne- og ungdomsteater?<\/i><\/b><\/p>\n<p>Dette er kurset for deg som jobber med teater for barn og unge og som \u00f8nsker \u00e5 bli kjent med \u00abnye\u00bb m\u00e5ter \u00e5 tenke teater p\u00e5. Og er du i tillegg ambisi\u00f8s p\u00e5 de unges vegne er det helt perfekt. Du vil f\u00e5 nyttige tips og ikke minst: Katrines oppskrift til garantert teatersuksess.<\/p>\n<p>Kurset vil ta for seg veien fra id\u00e9 til scenisk handling. Hvor henter vi ideene fra og hvordan iscenesette dem? Hvordan skape tekst med utgangspunkt i tema vi \u00f8nsker \u00e5 formidle? Og hvordan sette det hele sammen? P\u00e5 kurset vil dere f\u00e5 pr\u00f8ve ulike metoder \u00e5 formidle tekst og historier p\u00e5 ved hjelp av bl.a. bevegelse, objekt og rom.<\/p>\n<p>&nbsp;<\/p>\n<figure id=\"attachment_1236\" aria-describedby=\"caption-attachment-1236\" style=\"width: 300px\" class=\"wp-caption alignleft\"><a href=\"https:\/\/old.natf.no\/td2014\/wp-content\/uploads\/sites\/3\/2014\/05\/Katrine-M-E-Str\u00f8m.jpg\"><img loading=\"lazy\" decoding=\"async\" class=\"size-medium wp-image-1236\" src=\"https:\/\/old.natf.no\/td2014\/wp-content\/uploads\/sites\/3\/2014\/05\/Katrine-M-E-Str\u00f8m-300x200.jpg\" alt=\"Katrine M E Str\u00f8m\" width=\"300\" height=\"200\" srcset=\"https:\/\/old.natf.no\/td2014\/wp-content\/uploads\/sites\/3\/2014\/05\/Katrine-M-E-Str\u00f8m-300x200.jpg 300w, https:\/\/old.natf.no\/td2014\/wp-content\/uploads\/sites\/3\/2014\/05\/Katrine-M-E-Str\u00f8m-1024x685.jpg 1024w\" sizes=\"auto, (max-width: 300px) 100vw, 300px\" \/><\/a><figcaption id=\"caption-attachment-1236\" class=\"wp-caption-text\">Katrine M E Str\u00f8m<\/figcaption><\/figure>\n<p><i>Katrine M. E. Str\u00f8m<\/i><i>mottok i 2008 danse- og teatersentrum sin Scenekunstpris for sitt arbeid med \u00e5 lage nyskapende, utfordrende og visuelle forestillinger for barn og unge. Samme \u00e5ret var hun tidenes yngste festspillkunstner p\u00e5 Festspillene i Nord-Norge. \u00a0<\/i><\/p>\n<p><i>Katrine leder scenekunstkompaniet Katma som har laget en rekke forestillinger for barn. <\/i><i><br \/>\n<\/i><i>Den interaktive forestillingen \u00abUsynlig\u00bb vant \u00abGullsekken\u00bb for beste DKS-produksjon i 2010. <\/i><i><br \/>\n<\/i><i>Katrine er ogs\u00e5 kunstnerisk leder av Lille H\u00e5logaland Teater, H\u00e5logaland Teater sin egen barne- og ungdomsteatergruppe. <\/i><\/p>\n<p><a title=\"Katrines hjemmeside\" href=\"http:\/\/www.katma.no\" target=\"_blank\">www.katma.no<\/a><\/p>\n<p><a title=\"P\u00e5melding\" href=\"https:\/\/old.natf.no\/td2014\/pamelding\/\"><strong>\u00a0G\u00c5 TIL P\u00c5MELDING<\/strong><\/a><\/p>\n","protected":false},"excerpt":{"rendered":"<p>Kursholder: Katrine M E Str\u00f8m Har du ditt virke som leder for barne- og ungdomsteater? Lyst til \u00e5 f\u00e5 nye ideer og tanker p\u00e5 hvordan jobbe med barne- og ungdomsteater? &hellip; <a href=\"https:\/\/old.natf.no\/td2014\/kursoversikt\/barne-og-ungdomsteaterledelse\/\" class=\"more-link\">Fortsett \u00e5 lese <span class=\"screen-reader-text\">Barne- og ungdomsteaterledelse<\/span><\/a><\/p>\n","protected":false},"author":6,"featured_media":0,"parent":51,"menu_order":0,"comment_status":"closed","ping_status":"closed","template":"","meta":{"_acf_changed":false,"inline_featured_image":false,"footnotes":""},"class_list":["post-1143","page","type-page","status-publish","hentry"],"acf":[],"_links":{"self":[{"href":"https:\/\/old.natf.no\/td2014\/wp-json\/wp\/v2\/pages\/1143","targetHints":{"allow":["GET"]}}],"collection":[{"href":"https:\/\/old.natf.no\/td2014\/wp-json\/wp\/v2\/pages"}],"about":[{"href":"https:\/\/old.natf.no\/td2014\/wp-json\/wp\/v2\/types\/page"}],"author":[{"embeddable":true,"href":"https:\/\/old.natf.no\/td2014\/wp-json\/wp\/v2\/users\/6"}],"replies":[{"embeddable":true,"href":"https:\/\/old.natf.no\/td2014\/wp-json\/wp\/v2\/comments?post=1143"}],"version-history":[{"count":0,"href":"https:\/\/old.natf.no\/td2014\/wp-json\/wp\/v2\/pages\/1143\/revisions"}],"up":[{"embeddable":true,"href":"https:\/\/old.natf.no\/td2014\/wp-json\/wp\/v2\/pages\/51"}],"wp:attachment":[{"href":"https:\/\/old.natf.no\/td2014\/wp-json\/wp\/v2\/media?parent=1143"}],"curies":[{"name":"wp","href":"https:\/\/api.w.org\/{rel}","templated":true}]}}